{"id":24,"date":"2023-03-20T11:34:50","date_gmt":"2023-03-20T10:34:50","guid":{"rendered":"https:\/\/taxi-airport-beauvais.com\/?page_id=24"},"modified":"2024-05-13T16:26:45","modified_gmt":"2024-05-13T14:26:45","slug":"forfaits","status":"publish","type":"page","link":"https:\/\/taxi-airport-beauvais.com\/sq\/paketat\/","title":{"rendered":"Paketat"},"content":{"rendered":"<div data-elementor-type=\"wp-page\" data-elementor-id=\"24\" class=\"elementor elementor-24\" data-elementor-post-type=\"page\">\n\t\t\t\t\t\t<section class=\"elementor-section elementor-top-section elementor-element elementor-element-a76a38d elementor-section-boxed elementor-section-height-default elementor-section-height-default\" data-id=\"a76a38d\" data-element_type=\"section\" data-settings=\"{&quot;background_background&quot;:&quot;classic&quot;}\">\n\t\t\t\t\t\t\t<div class=\"elementor-background-overlay\"><\/div>\n\t\t\t\t\t\t\t<div class=\"elementor-container elementor-column-gap-default\">\n\t\t\t\t\t<div class=\"elementor-column elementor-col-100 elementor-top-column elementor-element elementor-element-0b9ce15\" data-id=\"0b9ce15\" data-element_type=\"column\">\n\t\t\t<div class=\"elementor-widget-wrap elementor-element-populated\">\n\t\t\t\t\t\t<section class=\"elementor-section elementor-inner-section elementor-element elementor-element-6ff9398 elementor-section-content-middle elementor-section-boxed elementor-section-height-default elementor-section-height-default\" data-id=\"6ff9398\" data-element_type=\"section\">\n\t\t\t\t\t\t<div class=\"elementor-container elementor-column-gap-default\">\n\t\t\t\t\t<div class=\"elementor-column elementor-col-100 elementor-inner-column elementor-element elementor-element-9b09bc0\" data-id=\"9b09bc0\" data-element_type=\"column\">\n\t\t\t<div class=\"elementor-widget-wrap elementor-element-populated\">\n\t\t\t\t\t\t<div class=\"elementor-element elementor-element-73a786d elementor-widget elementor-widget-heading\" data-id=\"73a786d\" data-element_type=\"widget\" data-settings=\"{&quot;_animation&quot;:&quot;none&quot;}\" data-widget_type=\"heading.default\">\n\t\t\t\t<div class=\"elementor-widget-container\">\n\t\t\t\t\t<h1 class=\"elementor-heading-title elementor-size-default\">Paketat<\/h1>\t\t\t\t<\/div>\n\t\t\t\t<\/div>\n\t\t\t\t\t<\/div>\n\t\t<\/div>\n\t\t\t\t\t<\/div>\n\t\t<\/section>\n\t\t\t\t<div class=\"elementor-element elementor-element-cd439fc elementor-widget elementor-widget-html\" data-id=\"cd439fc\" data-element_type=\"widget\" data-widget_type=\"html.default\">\n\t\t\t\t<div class=\"elementor-widget-container\">\n\t\t\t\t\t<script src=\"https:\/\/static.elfsight.com\/platform\/platform.js\" defer><\/script>\n<div class=\"elfsight-app-2cd3d882-0315-427e-b455-0eda3e937a51\"><\/div>\t\t\t\t<\/div>\n\t\t\t\t<\/div>\n\t\t\t\t\t<\/div>\n\t\t<\/div>\n\t\t\t\t\t<\/div>\n\t\t<\/section>\n\t\t\t\t<section class=\"elementor-section elementor-top-section elementor-element elementor-element-cc7cf8f elementor-section-boxed elementor-section-height-default elementor-section-height-default\" data-id=\"cc7cf8f\" data-element_type=\"section\" data-settings=\"{&quot;background_background&quot;:&quot;classic&quot;}\">\n\t\t\t\t\t\t\t<div class=\"elementor-background-overlay\"><\/div>\n\t\t\t\t\t\t\t<div class=\"elementor-container elementor-column-gap-default\">\n\t\t\t\t\t<div class=\"elementor-column elementor-col-50 elementor-top-column elementor-element elementor-element-41ed37d\" data-id=\"41ed37d\" data-element_type=\"column\" data-settings=\"{&quot;animation&quot;:&quot;none&quot;}\">\n\t\t\t<div class=\"elementor-widget-wrap elementor-element-populated\">\n\t\t\t\t\t\t<div class=\"elementor-element elementor-element-30e5f30 elementor-align-left elementor-widget elementor-widget-breadcrumbs\" data-id=\"30e5f30\" data-element_type=\"widget\" data-widget_type=\"breadcrumbs.default\">\n\t\t\t\t<div class=\"elementor-widget-container\">\n\t\t\t\t\t<p id=\"breadcrumbs\"><span><span><a href=\"https:\/\/taxi-airport-beauvais.com\/sq\/\">Taksi aeroporti Beauvais<\/a><\/span><\/span><\/p>\t\t\t\t<\/div>\n\t\t\t\t<\/div>\n\t\t\t\t<div class=\"elementor-element elementor-element-f3917d3 elementor-widget elementor-widget-heading\" data-id=\"f3917d3\" data-element_type=\"widget\" data-widget_type=\"heading.default\">\n\t\t\t\t<div class=\"elementor-widget-container\">\n\t\t\t\t\t<h2 class=\"elementor-heading-title elementor-size-default\">Paketat tona t\u00eb taksive fikse<\/h2>\t\t\t\t<\/div>\n\t\t\t\t<\/div>\n\t\t\t\t<div class=\"elementor-element elementor-element-a06427a elementor-widget elementor-widget-text-editor\" data-id=\"a06427a\" data-element_type=\"widget\" data-widget_type=\"text-editor.default\">\n\t\t\t\t<div class=\"elementor-widget-container\">\n\t\t\t\t\t\t\t\t\t<p>Zbuloni paketat tona t\u00eb taksive t\u00eb paracaktuara p\u00ebr udh\u00ebtimet tuaja m\u00eb t\u00eb shpeshta n\u00eb aeroporte, Disneyland Paris, Villepinte dhe destinacione t\u00eb tjera:<\/p>\n<ul>\n<li>Aeroporti i Beauvais Paris North: 160 \u20ac<\/li>\n<li>Paketat e aeroportit t\u00eb Beauvais n\u00eb Paris: 170 \u20ac<\/li>\n<li>Aeroporti Beauvais-DisneyLand: 190 \u20ac<\/li>\n<li>Aeroporti Beauvais \u2013 Roissy: CDG 150 \u20ac<\/li>\n<li>Aeroporti Beauvais \u2013 Orly: 200 \u20ac<\/li>\n<li>Aeroporti Beauvais \u2013 Aeroporti Le Bourget: 160 \u20ac<\/li>\n<li>Aeroporti Beauvais \u2013 Rouen Seine detar: 170 \u20ac<\/li>\n<li>Aeroporti Beauvais \u2013 Qendra e ekspozit\u00ebs Villepinte: 160 \u20ac<\/li>\n<\/ul>\t\t\t\t\t\t\t\t<\/div>\n\t\t\t\t<\/div>\n\t\t\t\t\t<\/div>\n\t\t<\/div>\n\t\t\t\t<div class=\"elementor-column elementor-col-50 elementor-top-column elementor-element elementor-element-585f0c1\" data-id=\"585f0c1\" data-element_type=\"column\">\n\t\t\t<div class=\"elementor-widget-wrap elementor-element-populated\">\n\t\t\t\t\t\t<div class=\"elementor-element elementor-element-7bd7156 elementor-widget elementor-widget-image\" data-id=\"7bd7156\" data-element_type=\"widget\" data-widget_type=\"image.default\">\n\t\t\t\t<div class=\"elementor-widget-container\">\n\t\t\t\t\t\t\t\t\t\t\t\t\t\t\t<img fetchpriority=\"high\" decoding=\"async\" width=\"700\" height=\"450\" src=\"https:\/\/taxi-airport-beauvais.com\/wp-content\/uploads\/2023\/03\/1-6.webp\" class=\"attachment-large size-large wp-image-554\" alt=\"taksi Beauvais\" srcset=\"https:\/\/taxi-airport-beauvais.com\/wp-content\/uploads\/2023\/03\/1-6.webp 700w, https:\/\/taxi-airport-beauvais.com\/wp-content\/uploads\/2023\/03\/1-6-300x193.webp 300w, https:\/\/taxi-airport-beauvais.com\/wp-content\/uploads\/2023\/03\/1-6-18x12.webp 18w, https:\/\/taxi-airport-beauvais.com\/wp-content\/uploads\/2023\/03\/1-6-370x238.webp 370w, https:\/\/taxi-airport-beauvais.com\/wp-content\/uploads\/2023\/03\/1-6-390x251.webp 390w, https:\/\/taxi-airport-beauvais.com\/wp-content\/uploads\/2023\/03\/1-6-460x296.webp 460w\" sizes=\"(max-width: 700px) 100vw, 700px\" \/>\t\t\t\t\t\t\t\t\t\t\t\t\t\t\t<\/div>\n\t\t\t\t<\/div>\n\t\t\t\t<div class=\"elementor-element elementor-element-2fbbe3d elementor-align-justify elementor-widget elementor-widget-button\" data-id=\"2fbbe3d\" data-element_type=\"widget\" data-widget_type=\"button.default\">\n\t\t\t\t<div class=\"elementor-widget-container\">\n\t\t\t\t\t\t\t\t\t<div class=\"elementor-button-wrapper\">\n\t\t\t\t\t<a class=\"elementor-button elementor-button-link elementor-size-md\" href=\"https:\/\/taxi-airport-beauvais.com\/sq\/rezervim\/\">\n\t\t\t\t\t\t<span class=\"elementor-button-content-wrapper\">\n\t\t\t\t\t\t\t\t\t<span class=\"elementor-button-text\">Rezervoni nj\u00eb taksi n\u00eb internet<\/span>\n\t\t\t\t\t<\/span>\n\t\t\t\t\t<\/a>\n\t\t\t\t<\/div>\n\t\t\t\t\t\t\t\t<\/div>\n\t\t\t\t<\/div>\n\t\t\t\t<div class=\"elementor-element elementor-element-cb64b75 elementor-align-justify elementor-widget elementor-widget-button\" data-id=\"cb64b75\" data-element_type=\"widget\" data-widget_type=\"button.default\">\n\t\t\t\t<div class=\"elementor-widget-container\">\n\t\t\t\t\t\t\t\t\t<div class=\"elementor-button-wrapper\">\n\t\t\t\t\t<a class=\"elementor-button elementor-button-link elementor-size-md\" href=\"telefoni: +33648114819\">\n\t\t\t\t\t\t<span class=\"elementor-button-content-wrapper\">\n\t\t\t\t\t\t<span class=\"elementor-button-icon\">\n\t\t\t\t<i aria-hidden=\"true\" class=\"icon_phone\"><\/i>\t\t\t<\/span>\n\t\t\t\t\t\t\t\t\t<span class=\"elementor-button-text\">+336 48 11 48 19<\/span>\n\t\t\t\t\t<\/span>\n\t\t\t\t\t<\/a>\n\t\t\t\t<\/div>\n\t\t\t\t\t\t\t\t<\/div>\n\t\t\t\t<\/div>\n\t\t\t\t\t<\/div>\n\t\t<\/div>\n\t\t\t\t\t<\/div>\n\t\t<\/section>\n\t\t\t\t<\/div>","protected":false},"excerpt":{"rendered":"<p>Paketat tona fikse t\u00eb taksive Zbuloni paketat tona t\u00eb taksive t\u00eb krijuara paraprakisht p\u00ebr udh\u00ebtimet tuaja m\u00eb t\u00eb shpeshta drejt aeroporteve, Disneyland Paris, Villepinte dhe destinacione t\u00eb tjera: Aeroporti Beauvais Parisi n\u00eb veri Paketat: 160 \u20ac Aeroporti Beauvais Paketat e Parisit n\u00eb jug: 170 \u20ac Aeroporti Beauvais-DisneyLand: 190 \u20ac Aeroporti Beauvais - Roissy: [\u2026]<\/p>","protected":false},"author":1,"featured_media":0,"parent":0,"menu_order":0,"comment_status":"closed","ping_status":"closed","template":"","meta":{"footnotes":""},"class_list":["post-24","page","type-page","status-publish","hentry"],"yoast_head":"<!-- This site is optimized with the Yoast SEO plugin v25.2 - https:\/\/yoast.com\/wordpress\/plugins\/seo\/ -->\n<title>Forfaits Taxi \u00e0 Beauvais - Prix des taxis \u00e0 Beauvais<\/title>\n<meta name=\"description\" content=\"Nos forfaits Beauvais a\u00e9roport, Roissy, Villepinte ou Paris Orly. Prix d&#039;une course en taxi fixe \u00e0 Beauvais et en r\u00e9gion Parisienne.\" \/>\n<meta name=\"robots\" content=\"index, follow, max-snippet:-1, max-image-preview:large, max-video-preview:-1\" \/>\n<link rel=\"canonical\" href=\"https:\/\/taxi-airport-beauvais.com\/sq\/paketat\/\" \/>\n<meta property=\"og:locale\" content=\"sq_AL\" \/>\n<meta property=\"og:type\" content=\"article\" \/>\n<meta property=\"og:title\" content=\"Forfaits Taxi \u00e0 Beauvais - Prix des taxis \u00e0 Beauvais\" \/>\n<meta property=\"og:description\" content=\"Nos forfaits Beauvais a\u00e9roport, Roissy, Villepinte ou Paris Orly. Prix d&#039;une course en taxi fixe \u00e0 Beauvais et en r\u00e9gion Parisienne.\" \/>\n<meta property=\"og:url\" content=\"https:\/\/taxi-airport-beauvais.com\/sq\/paketat\/\" \/>\n<meta property=\"og:site_name\" content=\"TAXI AEROPORT BEAUVAIS\" \/>\n<meta property=\"article:modified_time\" content=\"2024-05-13T14:26:45+00:00\" \/>\n<meta property=\"og:image\" content=\"https:\/\/taxi-airport-beauvais.com\/wp-content\/uploads\/2023\/03\/1-6.webp\" \/>\n<meta name=\"twitter:card\" content=\"summary_large_image\" \/>\n<meta name=\"twitter:label1\" content=\"Est. reading time\" \/>\n\t<meta name=\"twitter:data1\" content=\"1 minut\u00eb\" \/>\n<script type=\"application\/ld+json\" class=\"yoast-schema-graph\">{\"@context\":\"https:\/\/schema.org\",\"@graph\":[{\"@type\":\"WebPage\",\"@id\":\"https:\/\/taxi-airport-beauvais.com\/forfaits\/\",\"url\":\"https:\/\/taxi-airport-beauvais.com\/forfaits\/\",\"name\":\"Forfaits Taxi \u00e0 Beauvais - Prix des taxis \u00e0 Beauvais\",\"isPartOf\":{\"@id\":\"https:\/\/taxi-airport-beauvais.com\/#website\"},\"primaryImageOfPage\":{\"@id\":\"https:\/\/taxi-airport-beauvais.com\/forfaits\/#primaryimage\"},\"image\":{\"@id\":\"https:\/\/taxi-airport-beauvais.com\/forfaits\/#primaryimage\"},\"thumbnailUrl\":\"https:\/\/taxi-airport-beauvais.com\/wp-content\/uploads\/2023\/03\/1-6.webp\",\"datePublished\":\"2023-03-20T10:34:50+00:00\",\"dateModified\":\"2024-05-13T14:26:45+00:00\",\"description\":\"Nos forfaits Beauvais a\u00e9roport, Roissy, Villepinte ou Paris Orly. Prix d'une course en taxi fixe \u00e0 Beauvais et en r\u00e9gion Parisienne.\",\"breadcrumb\":{\"@id\":\"https:\/\/taxi-airport-beauvais.com\/forfaits\/#breadcrumb\"},\"inLanguage\":\"sq\",\"potentialAction\":[{\"@type\":\"ReadAction\",\"target\":[\"https:\/\/taxi-airport-beauvais.com\/forfaits\/\"]}]},{\"@type\":\"ImageObject\",\"inLanguage\":\"sq\",\"@id\":\"https:\/\/taxi-airport-beauvais.com\/forfaits\/#primaryimage\",\"url\":\"https:\/\/taxi-airport-beauvais.com\/wp-content\/uploads\/2023\/03\/1-6.webp\",\"contentUrl\":\"https:\/\/taxi-airport-beauvais.com\/wp-content\/uploads\/2023\/03\/1-6.webp\"},{\"@type\":\"BreadcrumbList\",\"@id\":\"https:\/\/taxi-airport-beauvais.com\/forfaits\/#breadcrumb\",\"itemListElement\":[{\"@type\":\"ListItem\",\"position\":1,\"name\":\"Taxi a\u00e9roport Beauvais\",\"item\":\"https:\/\/taxi-airport-beauvais.com\/\"},{\"@type\":\"ListItem\",\"position\":2,\"name\":\"Forfaits\"}]},{\"@type\":\"WebSite\",\"@id\":\"https:\/\/taxi-airport-beauvais.com\/#website\",\"url\":\"https:\/\/taxi-airport-beauvais.com\/\",\"name\":\"TAXI AEROPORT BEAUVAIS\",\"description\":\"R\u00e9servation de taxi a\u00e9roport Beauvais Till\u00e9 BVA\",\"publisher\":{\"@id\":\"https:\/\/taxi-airport-beauvais.com\/#organization\"},\"alternateName\":\"Taxi A\u00e9roport Beauvais\",\"potentialAction\":[{\"@type\":\"SearchAction\",\"target\":{\"@type\":\"EntryPoint\",\"urlTemplate\":\"https:\/\/taxi-airport-beauvais.com\/?s={search_term_string}\"},\"query-input\":{\"@type\":\"PropertyValueSpecification\",\"valueRequired\":true,\"valueName\":\"search_term_string\"}}],\"inLanguage\":\"sq\"},{\"@type\":\"Organization\",\"@id\":\"https:\/\/taxi-airport-beauvais.com\/#organization\",\"name\":\"TAXI AEROPORT BEAUVAIS\",\"alternateName\":\"TAXI A\u00c9ROPORT BEAUVAIS\",\"url\":\"https:\/\/taxi-airport-beauvais.com\/\",\"logo\":{\"@type\":\"ImageObject\",\"inLanguage\":\"sq\",\"@id\":\"https:\/\/taxi-airport-beauvais.com\/#\/schema\/logo\/image\/\",\"url\":\"https:\/\/taxi-airport-beauvais.com\/wp-content\/uploads\/2023\/03\/LOGO-TAXI-AEROPORT-BEAUVAIS.png\",\"contentUrl\":\"https:\/\/taxi-airport-beauvais.com\/wp-content\/uploads\/2023\/03\/LOGO-TAXI-AEROPORT-BEAUVAIS.png\",\"width\":750,\"height\":750,\"caption\":\"TAXI AEROPORT BEAUVAIS\"},\"image\":{\"@id\":\"https:\/\/taxi-airport-beauvais.com\/#\/schema\/logo\/image\/\"},\"sameAs\":[\"https:\/\/www.pinterest.fr\/taxiairportbeauvais\/\",\"https:\/\/maps.app.goo.gl\/GvyqsEuGdsRFRwst8\"]}]}<\/script>\n<!-- \/ Yoast SEO plugin. -->","yoast_head_json":{"title":"Forfaits Taxi \u00e0 Beauvais - Prix des taxis \u00e0 Beauvais","description":"Nos forfaits Beauvais a\u00e9roport, Roissy, Villepinte ou Paris Orly. Prix d'une course en taxi fixe \u00e0 Beauvais et en r\u00e9gion Parisienne.","robots":{"index":"index","follow":"follow","max-snippet":"max-snippet:-1","max-image-preview":"max-image-preview:large","max-video-preview":"max-video-preview:-1"},"canonical":"https:\/\/taxi-airport-beauvais.com\/sq\/paketat\/","og_locale":"sq_AL","og_type":"article","og_title":"Forfaits Taxi \u00e0 Beauvais - Prix des taxis \u00e0 Beauvais","og_description":"Nos forfaits Beauvais a\u00e9roport, Roissy, Villepinte ou Paris Orly. Prix d'une course en taxi fixe \u00e0 Beauvais et en r\u00e9gion Parisienne.","og_url":"https:\/\/taxi-airport-beauvais.com\/sq\/paketat\/","og_site_name":"TAXI AEROPORT BEAUVAIS","article_modified_time":"2024-05-13T14:26:45+00:00","og_image":[{"url":"https:\/\/taxi-airport-beauvais.com\/wp-content\/uploads\/2023\/03\/1-6.webp","type":"","width":"","height":""}],"twitter_card":"summary_large_image","twitter_misc":{"Est. reading time":"1 minut\u00eb"},"schema":{"@context":"https:\/\/schema.org","@graph":[{"@type":"WebPage","@id":"https:\/\/taxi-airport-beauvais.com\/forfaits\/","url":"https:\/\/taxi-airport-beauvais.com\/forfaits\/","name":"Forfaits Taxi \u00e0 Beauvais - Prix des taxis \u00e0 Beauvais","isPartOf":{"@id":"https:\/\/taxi-airport-beauvais.com\/#website"},"primaryImageOfPage":{"@id":"https:\/\/taxi-airport-beauvais.com\/forfaits\/#primaryimage"},"image":{"@id":"https:\/\/taxi-airport-beauvais.com\/forfaits\/#primaryimage"},"thumbnailUrl":"https:\/\/taxi-airport-beauvais.com\/wp-content\/uploads\/2023\/03\/1-6.webp","datePublished":"2023-03-20T10:34:50+00:00","dateModified":"2024-05-13T14:26:45+00:00","description":"Nos forfaits Beauvais a\u00e9roport, Roissy, Villepinte ou Paris Orly. Prix d'une course en taxi fixe \u00e0 Beauvais et en r\u00e9gion Parisienne.","breadcrumb":{"@id":"https:\/\/taxi-airport-beauvais.com\/forfaits\/#breadcrumb"},"inLanguage":"sq","potentialAction":[{"@type":"ReadAction","target":["https:\/\/taxi-airport-beauvais.com\/forfaits\/"]}]},{"@type":"ImageObject","inLanguage":"sq","@id":"https:\/\/taxi-airport-beauvais.com\/forfaits\/#primaryimage","url":"https:\/\/taxi-airport-beauvais.com\/wp-content\/uploads\/2023\/03\/1-6.webp","contentUrl":"https:\/\/taxi-airport-beauvais.com\/wp-content\/uploads\/2023\/03\/1-6.webp"},{"@type":"BreadcrumbList","@id":"https:\/\/taxi-airport-beauvais.com\/forfaits\/#breadcrumb","itemListElement":[{"@type":"ListItem","position":1,"name":"Taxi a\u00e9roport Beauvais","item":"https:\/\/taxi-airport-beauvais.com\/"},{"@type":"ListItem","position":2,"name":"Forfaits"}]},{"@type":"WebSite","@id":"https:\/\/taxi-airport-beauvais.com\/#website","url":"https:\/\/taxi-airport-beauvais.com\/","name":"TAXI AEROPORT BEAUVAIS","description":"R\u00e9servation de taxi a\u00e9roport Beauvais Till\u00e9 BVA","publisher":{"@id":"https:\/\/taxi-airport-beauvais.com\/#organization"},"alternateName":"Taxi A\u00e9roport Beauvais","potentialAction":[{"@type":"SearchAction","target":{"@type":"EntryPoint","urlTemplate":"https:\/\/taxi-airport-beauvais.com\/?s={search_term_string}"},"query-input":{"@type":"PropertyValueSpecification","valueRequired":true,"valueName":"search_term_string"}}],"inLanguage":"sq"},{"@type":"Organization","@id":"https:\/\/taxi-airport-beauvais.com\/#organization","name":"TAXI AEROPORT BEAUVAIS","alternateName":"TAXI A\u00c9ROPORT BEAUVAIS","url":"https:\/\/taxi-airport-beauvais.com\/","logo":{"@type":"ImageObject","inLanguage":"sq","@id":"https:\/\/taxi-airport-beauvais.com\/#\/schema\/logo\/image\/","url":"https:\/\/taxi-airport-beauvais.com\/wp-content\/uploads\/2023\/03\/LOGO-TAXI-AEROPORT-BEAUVAIS.png","contentUrl":"https:\/\/taxi-airport-beauvais.com\/wp-content\/uploads\/2023\/03\/LOGO-TAXI-AEROPORT-BEAUVAIS.png","width":750,"height":750,"caption":"TAXI AEROPORT BEAUVAIS"},"image":{"@id":"https:\/\/taxi-airport-beauvais.com\/#\/schema\/logo\/image\/"},"sameAs":["https:\/\/www.pinterest.fr\/taxiairportbeauvais\/","https:\/\/maps.app.goo.gl\/GvyqsEuGdsRFRwst8"]}]}},"_links":{"self":[{"href":"https:\/\/taxi-airport-beauvais.com\/sq\/wp-json\/wp\/v2\/pages\/24","targetHints":{"allow":["GET"]}}],"collection":[{"href":"https:\/\/taxi-airport-beauvais.com\/sq\/wp-json\/wp\/v2\/pages"}],"about":[{"href":"https:\/\/taxi-airport-beauvais.com\/sq\/wp-json\/wp\/v2\/types\/page"}],"author":[{"embeddable":true,"href":"https:\/\/taxi-airport-beauvais.com\/sq\/wp-json\/wp\/v2\/users\/1"}],"replies":[{"embeddable":true,"href":"https:\/\/taxi-airport-beauvais.com\/sq\/wp-json\/wp\/v2\/comments?post=24"}],"version-history":[{"count":0,"href":"https:\/\/taxi-airport-beauvais.com\/sq\/wp-json\/wp\/v2\/pages\/24\/revisions"}],"wp:attachment":[{"href":"https:\/\/taxi-airport-beauvais.com\/sq\/wp-json\/wp\/v2\/media?parent=24"}],"curies":[{"name":"wp","href":"https:\/\/api.w.org\/{rel}","templated":true}]}}