{"id":1354,"date":"2024-01-30T17:07:48","date_gmt":"2024-01-30T16:07:48","guid":{"rendered":"https:\/\/taxi-airport-beauvais.com\/?page_id=1354"},"modified":"2024-05-13T16:30:48","modified_gmt":"2024-05-13T14:30:48","slug":"informations-pratiques-beauvais","status":"publish","type":"page","link":"https:\/\/taxi-airport-beauvais.com\/ro\/informatii-utile\/","title":{"rendered":"Informatii utile"},"content":{"rendered":"<div data-elementor-type=\"wp-page\" data-elementor-id=\"1354\" class=\"elementor elementor-1354\" data-elementor-post-type=\"page\">\n\t\t\t\t\t\t<section class=\"elementor-section elementor-top-section elementor-element elementor-element-742eb0a elementor-section-boxed elementor-section-height-default elementor-section-height-default\" data-id=\"742eb0a\" data-element_type=\"section\" data-settings=\"{&quot;background_background&quot;:&quot;classic&quot;}\">\n\t\t\t\t\t\t\t<div class=\"elementor-background-overlay\"><\/div>\n\t\t\t\t\t\t\t<div class=\"elementor-container elementor-column-gap-default\">\n\t\t\t\t\t<div class=\"elementor-column elementor-col-100 elementor-top-column elementor-element elementor-element-6cb6308\" data-id=\"6cb6308\" data-element_type=\"column\">\n\t\t\t<div class=\"elementor-widget-wrap elementor-element-populated\">\n\t\t\t\t\t\t<section class=\"elementor-section elementor-inner-section elementor-element elementor-element-fa1d0fc elementor-section-content-middle elementor-section-boxed elementor-section-height-default elementor-section-height-default\" data-id=\"fa1d0fc\" data-element_type=\"section\">\n\t\t\t\t\t\t<div class=\"elementor-container elementor-column-gap-default\">\n\t\t\t\t\t<div class=\"elementor-column elementor-col-100 elementor-inner-column elementor-element elementor-element-a287aa6\" data-id=\"a287aa6\" data-element_type=\"column\">\n\t\t\t<div class=\"elementor-widget-wrap elementor-element-populated\">\n\t\t\t\t\t\t<div class=\"elementor-element elementor-element-f559d35 elementor-widget elementor-widget-heading\" data-id=\"f559d35\" data-element_type=\"widget\" data-settings=\"{&quot;_animation&quot;:&quot;none&quot;}\" data-widget_type=\"heading.default\">\n\t\t\t\t<div class=\"elementor-widget-container\">\n\t\t\t\t\t<h1 class=\"elementor-heading-title elementor-size-default\">Informatii utile<\/h1>\t\t\t\t<\/div>\n\t\t\t\t<\/div>\n\t\t\t\t<div class=\"elementor-element elementor-element-4ca8543 elementor-widget elementor-widget-html\" data-id=\"4ca8543\" data-element_type=\"widget\" data-widget_type=\"html.default\">\n\t\t\t\t<div class=\"elementor-widget-container\">\n\t\t\t\t\t<script src=\"https:\/\/static.elfsight.com\/platform\/platform.js\" defer><\/script>\n<div class=\"elfsight-app-2cd3d882-0315-427e-b455-0eda3e937a51\"><\/div>\t\t\t\t<\/div>\n\t\t\t\t<\/div>\n\t\t\t\t\t<\/div>\n\t\t<\/div>\n\t\t\t\t\t<\/div>\n\t\t<\/section>\n\t\t\t\t\t<\/div>\n\t\t<\/div>\n\t\t\t\t\t<\/div>\n\t\t<\/section>\n\t\t\t\t<section class=\"elementor-section elementor-top-section elementor-element elementor-element-2bb4c1e elementor-section-boxed elementor-section-height-default elementor-section-height-default\" data-id=\"2bb4c1e\" data-element_type=\"section\">\n\t\t\t\t\t\t<div class=\"elementor-container elementor-column-gap-default\">\n\t\t\t\t\t<div class=\"elementor-column elementor-col-100 elementor-top-column elementor-element elementor-element-b8401a8\" data-id=\"b8401a8\" data-element_type=\"column\">\n\t\t\t<div class=\"elementor-widget-wrap elementor-element-populated\">\n\t\t\t\t\t\t<div class=\"elementor-element elementor-element-3f2667e elementor-widget elementor-widget-heading\" data-id=\"3f2667e\" data-element_type=\"widget\" data-widget_type=\"heading.default\">\n\t\t\t\t<div class=\"elementor-widget-container\">\n\t\t\t\t\t<h2 class=\"elementor-heading-title elementor-size-default\">Informa\u021bii utile despre taxiurile din Beauvais \u0219i Aeroportul Beauvais.<\/h2>\t\t\t\t<\/div>\n\t\t\t\t<\/div>\n\t\t\t\t\t<\/div>\n\t\t<\/div>\n\t\t\t\t\t<\/div>\n\t\t<\/section>\n\t\t\t\t<section class=\"elementor-section elementor-top-section elementor-element elementor-element-5b99363 elementor-section-boxed elementor-section-height-default elementor-section-height-default\" data-id=\"5b99363\" data-element_type=\"section\">\n\t\t\t\t\t\t<div class=\"elementor-container elementor-column-gap-default\">\n\t\t\t\t\t<div class=\"elementor-column elementor-col-100 elementor-top-column elementor-element elementor-element-3ab9c09\" data-id=\"3ab9c09\" data-element_type=\"column\">\n\t\t\t<div class=\"elementor-widget-wrap elementor-element-populated\">\n\t\t\t\t\t\t<div class=\"elementor-element elementor-element-867caa5 elementor-grid-3 elementor-grid-tablet-2 elementor-grid-mobile-1 elementor-posts--thumbnail-top elementor-widget elementor-widget-posts\" data-id=\"867caa5\" data-element_type=\"widget\" data-settings=\"{&quot;classic_columns&quot;:&quot;3&quot;,&quot;classic_columns_tablet&quot;:&quot;2&quot;,&quot;classic_columns_mobile&quot;:&quot;1&quot;,&quot;classic_row_gap&quot;:{&quot;unit&quot;:&quot;px&quot;,&quot;size&quot;:35,&quot;sizes&quot;:[]},&quot;classic_row_gap_tablet&quot;:{&quot;unit&quot;:&quot;px&quot;,&quot;size&quot;:&quot;&quot;,&quot;sizes&quot;:[]},&quot;classic_row_gap_mobile&quot;:{&quot;unit&quot;:&quot;px&quot;,&quot;size&quot;:&quot;&quot;,&quot;sizes&quot;:[]}}\" data-widget_type=\"posts.classic\">\n\t\t\t\t<div class=\"elementor-widget-container\">\n\t\t\t\t\t\t\t<div class=\"elementor-posts-container elementor-posts elementor-posts--skin-classic elementor-grid\" role=\"list\">\n\t\t\t\t<article class=\"elementor-post elementor-grid-item post-1614 post type-post status-publish format-standard has-post-thumbnail hentry category-taxi-beauvais\" role=\"listitem\">\n\t\t\t\t<a class=\"elementor-post__thumbnail__link\" href=\"https:\/\/taxi-airport-beauvais.com\/ro\/taxi-sau-vtc-in-beauvais-cum-aleg\/\" tabindex=\"-1\" >\n\t\t\t<div class=\"elementor-post__thumbnail\"><img fetchpriority=\"high\" decoding=\"async\" width=\"900\" height=\"900\" src=\"https:\/\/taxi-airport-beauvais.com\/wp-content\/uploads\/2024\/05\/chauffeur-prive-vtc-voiture-noire-1.jpg\" class=\"attachment-full size-full wp-image-1622\" alt=\"\u0218ofer privat VTC vehicul negru high-end\" srcset=\"https:\/\/taxi-airport-beauvais.com\/wp-content\/uploads\/2024\/05\/chauffeur-prive-vtc-voiture-noire-1.jpg 900w, https:\/\/taxi-airport-beauvais.com\/wp-content\/uploads\/2024\/05\/chauffeur-prive-vtc-voiture-noire-1-300x300.jpg 300w, https:\/\/taxi-airport-beauvais.com\/wp-content\/uploads\/2024\/05\/chauffeur-prive-vtc-voiture-noire-1-150x150.jpg 150w, https:\/\/taxi-airport-beauvais.com\/wp-content\/uploads\/2024\/05\/chauffeur-prive-vtc-voiture-noire-1-768x768.jpg 768w, https:\/\/taxi-airport-beauvais.com\/wp-content\/uploads\/2024\/05\/chauffeur-prive-vtc-voiture-noire-1-12x12.jpg 12w, https:\/\/taxi-airport-beauvais.com\/wp-content\/uploads\/2024\/05\/chauffeur-prive-vtc-voiture-noire-1-306x306.jpg 306w, https:\/\/taxi-airport-beauvais.com\/wp-content\/uploads\/2024\/05\/chauffeur-prive-vtc-voiture-noire-1-533x533.jpg 533w\" sizes=\"(max-width: 900px) 100vw, 900px\" \/><\/div>\n\t\t<\/a>\n\t\t\t\t<div class=\"elementor-post__text\">\n\t\t\t\t<h2 class=\"elementor-post__title\">\n\t\t\t<a href=\"https:\/\/taxi-airport-beauvais.com\/ro\/taxi-sau-vtc-in-beauvais-cum-aleg\/\" >\n\t\t\t\tTaxi sau VTC \u00een Beauvais: Cum aleg?\t\t\t<\/a>\n\t\t<\/h2>\n\t\t\t\t<\/div>\n\t\t\t\t<\/article>\n\t\t\t\t<article class=\"elementor-post elementor-grid-item post-1612 post type-post status-publish format-standard has-post-thumbnail hentry category-taxi-beauvais\" role=\"listitem\">\n\t\t\t\t<a class=\"elementor-post__thumbnail__link\" href=\"https:\/\/taxi-airport-beauvais.com\/ro\/alaturati-va-parcul-disneyland-din-beauvais\/\" tabindex=\"-1\" >\n\t\t\t<div class=\"elementor-post__thumbnail\"><img decoding=\"async\" width=\"900\" height=\"900\" src=\"https:\/\/taxi-airport-beauvais.com\/wp-content\/uploads\/2024\/05\/parc-disneyland-paris.jpg\" class=\"attachment-full size-full wp-image-1617\" alt=\"parcul de distrac\u021bii pentru familie disneyland paris\" srcset=\"https:\/\/taxi-airport-beauvais.com\/wp-content\/uploads\/2024\/05\/parc-disneyland-paris.jpg 900w, https:\/\/taxi-airport-beauvais.com\/wp-content\/uploads\/2024\/05\/parc-disneyland-paris-300x300.jpg 300w, https:\/\/taxi-airport-beauvais.com\/wp-content\/uploads\/2024\/05\/parc-disneyland-paris-150x150.jpg 150w, https:\/\/taxi-airport-beauvais.com\/wp-content\/uploads\/2024\/05\/parc-disneyland-paris-768x768.jpg 768w, https:\/\/taxi-airport-beauvais.com\/wp-content\/uploads\/2024\/05\/parc-disneyland-paris-12x12.jpg 12w, https:\/\/taxi-airport-beauvais.com\/wp-content\/uploads\/2024\/05\/parc-disneyland-paris-306x306.jpg 306w, https:\/\/taxi-airport-beauvais.com\/wp-content\/uploads\/2024\/05\/parc-disneyland-paris-533x533.jpg 533w\" sizes=\"(max-width: 900px) 100vw, 900px\" \/><\/div>\n\t\t<\/a>\n\t\t\t\t<div class=\"elementor-post__text\">\n\t\t\t\t<h2 class=\"elementor-post__title\">\n\t\t\t<a href=\"https:\/\/taxi-airport-beauvais.com\/ro\/alaturati-va-parcul-disneyland-din-beauvais\/\" >\n\t\t\t\tAjunge\u021bi la parcul Disneyland din Beauvais\t\t\t<\/a>\n\t\t<\/h2>\n\t\t\t\t<\/div>\n\t\t\t\t<\/article>\n\t\t\t\t<article class=\"elementor-post elementor-grid-item post-1608 post type-post status-publish format-standard has-post-thumbnail hentry category-taxi-beauvais\" role=\"listitem\">\n\t\t\t\t<a class=\"elementor-post__thumbnail__link\" href=\"https:\/\/taxi-airport-beauvais.com\/ro\/cum-se-rezerva-o-statie-de-taxi-beauvais\/\" tabindex=\"-1\" >\n\t\t\t<div class=\"elementor-post__thumbnail\"><img decoding=\"async\" width=\"900\" height=\"900\" src=\"https:\/\/taxi-airport-beauvais.com\/wp-content\/uploads\/2024\/05\/gare-de-beauvais.jpg\" class=\"attachment-full size-full wp-image-1618\" alt=\"statia Beauvais sncf\" srcset=\"https:\/\/taxi-airport-beauvais.com\/wp-content\/uploads\/2024\/05\/gare-de-beauvais.jpg 900w, https:\/\/taxi-airport-beauvais.com\/wp-content\/uploads\/2024\/05\/gare-de-beauvais-300x300.jpg 300w, https:\/\/taxi-airport-beauvais.com\/wp-content\/uploads\/2024\/05\/gare-de-beauvais-150x150.jpg 150w, https:\/\/taxi-airport-beauvais.com\/wp-content\/uploads\/2024\/05\/gare-de-beauvais-768x768.jpg 768w, https:\/\/taxi-airport-beauvais.com\/wp-content\/uploads\/2024\/05\/gare-de-beauvais-12x12.jpg 12w, https:\/\/taxi-airport-beauvais.com\/wp-content\/uploads\/2024\/05\/gare-de-beauvais-306x306.jpg 306w, https:\/\/taxi-airport-beauvais.com\/wp-content\/uploads\/2024\/05\/gare-de-beauvais-533x533.jpg 533w\" sizes=\"(max-width: 900px) 100vw, 900px\" \/><\/div>\n\t\t<\/a>\n\t\t\t\t<div class=\"elementor-post__text\">\n\t\t\t\t<h2 class=\"elementor-post__title\">\n\t\t\t<a href=\"https:\/\/taxi-airport-beauvais.com\/ro\/cum-se-rezerva-o-statie-de-taxi-beauvais\/\" >\n\t\t\t\tCum s\u0103 rezerva\u021bi un taxi la sta\u021bia Beauvais?\t\t\t<\/a>\n\t\t<\/h2>\n\t\t\t\t<\/div>\n\t\t\t\t<\/article>\n\t\t\t\t<article class=\"elementor-post elementor-grid-item post-1606 post type-post status-publish format-standard has-post-thumbnail hentry category-taxi-beauvais\" role=\"listitem\">\n\t\t\t\t<a class=\"elementor-post__thumbnail__link\" href=\"https:\/\/taxi-airport-beauvais.com\/ro\/taxi-intre-beauvais-et-charles-de-gaulle-cdg\/\" tabindex=\"-1\" >\n\t\t\t<div class=\"elementor-post__thumbnail\"><img loading=\"lazy\" decoding=\"async\" width=\"900\" height=\"900\" src=\"https:\/\/taxi-airport-beauvais.com\/wp-content\/uploads\/2024\/05\/aeroport-paris-roissy-charles-de-gaulle.jpg\" class=\"attachment-full size-full wp-image-1619\" alt=\"Aeroportul Roissy Charles de Gaulle\" srcset=\"https:\/\/taxi-airport-beauvais.com\/wp-content\/uploads\/2024\/05\/aeroport-paris-roissy-charles-de-gaulle.jpg 900w, https:\/\/taxi-airport-beauvais.com\/wp-content\/uploads\/2024\/05\/aeroport-paris-roissy-charles-de-gaulle-300x300.jpg 300w, https:\/\/taxi-airport-beauvais.com\/wp-content\/uploads\/2024\/05\/aeroport-paris-roissy-charles-de-gaulle-150x150.jpg 150w, https:\/\/taxi-airport-beauvais.com\/wp-content\/uploads\/2024\/05\/aeroport-paris-roissy-charles-de-gaulle-768x768.jpg 768w, https:\/\/taxi-airport-beauvais.com\/wp-content\/uploads\/2024\/05\/aeroport-paris-roissy-charles-de-gaulle-12x12.jpg 12w, https:\/\/taxi-airport-beauvais.com\/wp-content\/uploads\/2024\/05\/aeroport-paris-roissy-charles-de-gaulle-306x306.jpg 306w, https:\/\/taxi-airport-beauvais.com\/wp-content\/uploads\/2024\/05\/aeroport-paris-roissy-charles-de-gaulle-533x533.jpg 533w\" sizes=\"(max-width: 900px) 100vw, 900px\" \/><\/div>\n\t\t<\/a>\n\t\t\t\t<div class=\"elementor-post__text\">\n\t\t\t\t<h2 class=\"elementor-post__title\">\n\t\t\t<a href=\"https:\/\/taxi-airport-beauvais.com\/ro\/taxi-intre-beauvais-et-charles-de-gaulle-cdg\/\" >\n\t\t\t\tTaxi \u00eentre Beauvais \u0219i Roissy Charles de Gaulle (CDG)\t\t\t<\/a>\n\t\t<\/h2>\n\t\t\t\t<\/div>\n\t\t\t\t<\/article>\n\t\t\t\t<article class=\"elementor-post elementor-grid-item post-1352 post type-post status-publish format-standard has-post-thumbnail hentry category-taxi-beauvais\" role=\"listitem\">\n\t\t\t\t<a class=\"elementor-post__thumbnail__link\" href=\"https:\/\/taxi-airport-beauvais.com\/ro\/top-3-mijloace-de-transport-pentru-mers-la-aeroportul-beauvais-2\/\" tabindex=\"-1\" >\n\t\t\t<div class=\"elementor-post__thumbnail\"><img loading=\"lazy\" decoding=\"async\" width=\"900\" height=\"450\" src=\"https:\/\/taxi-airport-beauvais.com\/wp-content\/uploads\/2023\/03\/6-1.jpg\" class=\"attachment-full size-full wp-image-1361\" alt=\"transport la aeroportul Beauvais Till\u00e9 Paris\" srcset=\"https:\/\/taxi-airport-beauvais.com\/wp-content\/uploads\/2023\/03\/6-1.jpg 900w, https:\/\/taxi-airport-beauvais.com\/wp-content\/uploads\/2023\/03\/6-1-300x150.jpg 300w, https:\/\/taxi-airport-beauvais.com\/wp-content\/uploads\/2023\/03\/6-1-768x384.jpg 768w, https:\/\/taxi-airport-beauvais.com\/wp-content\/uploads\/2023\/03\/6-1-18x9.jpg 18w, https:\/\/taxi-airport-beauvais.com\/wp-content\/uploads\/2023\/03\/6-1-370x185.jpg 370w, https:\/\/taxi-airport-beauvais.com\/wp-content\/uploads\/2023\/03\/6-1-800x400.jpg 800w, https:\/\/taxi-airport-beauvais.com\/wp-content\/uploads\/2023\/03\/6-1-390x195.jpg 390w, https:\/\/taxi-airport-beauvais.com\/wp-content\/uploads\/2023\/03\/6-1-460x230.jpg 460w\" sizes=\"(max-width: 900px) 100vw, 900px\" \/><\/div>\n\t\t<\/a>\n\t\t\t\t<div class=\"elementor-post__text\">\n\t\t\t\t<h2 class=\"elementor-post__title\">\n\t\t\t<a href=\"https:\/\/taxi-airport-beauvais.com\/ro\/top-3-mijloace-de-transport-pentru-mers-la-aeroportul-beauvais-2\/\" >\n\t\t\t\tTop 3 mijloace de transport pentru a ajunge la Aeroportul Beauvais\t\t\t<\/a>\n\t\t<\/h2>\n\t\t\t\t<\/div>\n\t\t\t\t<\/article>\n\t\t\t\t<article class=\"elementor-post elementor-grid-item post-1348 post type-post status-publish format-standard has-post-thumbnail hentry category-taxi-beauvais\" role=\"listitem\">\n\t\t\t\t<a class=\"elementor-post__thumbnail__link\" href=\"https:\/\/taxi-airport-beauvais.com\/ro\/taxi-de-lungi-distante-aeroport-beauvais-2\/\" tabindex=\"-1\" >\n\t\t\t<div class=\"elementor-post__thumbnail\"><img loading=\"lazy\" decoding=\"async\" width=\"900\" height=\"900\" src=\"https:\/\/taxi-airport-beauvais.com\/wp-content\/uploads\/2024\/05\/taxi-longue-distance.jpg\" class=\"attachment-full size-full wp-image-1621\" alt=\"vehicul taxi parcat \u00een Beauvais\" srcset=\"https:\/\/taxi-airport-beauvais.com\/wp-content\/uploads\/2024\/05\/taxi-longue-distance.jpg 900w, https:\/\/taxi-airport-beauvais.com\/wp-content\/uploads\/2024\/05\/taxi-longue-distance-300x300.jpg 300w, https:\/\/taxi-airport-beauvais.com\/wp-content\/uploads\/2024\/05\/taxi-longue-distance-150x150.jpg 150w, https:\/\/taxi-airport-beauvais.com\/wp-content\/uploads\/2024\/05\/taxi-longue-distance-768x768.jpg 768w, https:\/\/taxi-airport-beauvais.com\/wp-content\/uploads\/2024\/05\/taxi-longue-distance-12x12.jpg 12w, https:\/\/taxi-airport-beauvais.com\/wp-content\/uploads\/2024\/05\/taxi-longue-distance-306x306.jpg 306w, https:\/\/taxi-airport-beauvais.com\/wp-content\/uploads\/2024\/05\/taxi-longue-distance-533x533.jpg 533w\" sizes=\"(max-width: 900px) 100vw, 900px\" \/><\/div>\n\t\t<\/a>\n\t\t\t\t<div class=\"elementor-post__text\">\n\t\t\t\t<h2 class=\"elementor-post__title\">\n\t\t\t<a href=\"https:\/\/taxi-airport-beauvais.com\/ro\/taxi-de-lungi-distante-aeroport-beauvais-2\/\" >\n\t\t\t\tTaxi pe distan\u021be lungi Aeroportul Beauvais\t\t\t<\/a>\n\t\t<\/h2>\n\t\t\t\t<\/div>\n\t\t\t\t<\/article>\n\t\t\t\t<\/div>\n\t\t\n\t\t\t\t\t\t<\/div>\n\t\t\t\t<\/div>\n\t\t\t\t\t<\/div>\n\t\t<\/div>\n\t\t\t\t\t<\/div>\n\t\t<\/section>\n\t\t\t\t<\/div>","protected":false},"excerpt":{"rendered":"<p>Informa\u021bii utile despre taxiurile din Beauvais \u0219i Aeroportul Beauvais.<\/p>","protected":false},"author":1,"featured_media":0,"parent":0,"menu_order":0,"comment_status":"closed","ping_status":"closed","template":"","meta":{"footnotes":""},"class_list":["post-1354","page","type-page","status-publish","hentry"],"yoast_head":"<!-- This site is optimized with the Yoast SEO plugin v25.2 - https:\/\/yoast.com\/wordpress\/plugins\/seo\/ -->\n<title>Informations pratiques sur le transport \u00e0 Beauvais &#8211; TAXI AEROPORT BEAUVAIS<\/title>\n<meta name=\"description\" content=\"Informations pratiques sur le taxi \u00e0 Beauvais, Gare de Beauvais et A\u00e9roport de Beauvais Till\u00e9. Prendre un taxi n&#039;a jamais \u00e9t\u00e9 aussi simple.\" \/>\n<meta name=\"robots\" content=\"index, follow, max-snippet:-1, max-image-preview:large, max-video-preview:-1\" \/>\n<link rel=\"canonical\" href=\"https:\/\/taxi-airport-beauvais.com\/ro\/informatii-utile\/\" \/>\n<meta property=\"og:locale\" content=\"ro_RO\" \/>\n<meta property=\"og:type\" content=\"article\" \/>\n<meta property=\"og:title\" content=\"Informations pratiques sur le transport \u00e0 Beauvais &#8211; TAXI AEROPORT BEAUVAIS\" \/>\n<meta property=\"og:description\" content=\"Informations pratiques sur le taxi \u00e0 Beauvais, Gare de Beauvais et A\u00e9roport de Beauvais Till\u00e9. Prendre un taxi n&#039;a jamais \u00e9t\u00e9 aussi simple.\" \/>\n<meta property=\"og:url\" content=\"https:\/\/taxi-airport-beauvais.com\/ro\/informatii-utile\/\" \/>\n<meta property=\"og:site_name\" content=\"TAXI AEROPORT BEAUVAIS\" \/>\n<meta property=\"article:modified_time\" content=\"2024-05-13T14:30:48+00:00\" \/>\n<meta property=\"og:image\" content=\"https:\/\/taxi-airport-beauvais.com\/wp-content\/uploads\/2023\/03\/1-6.webp\" \/>\n\t<meta property=\"og:image:width\" content=\"700\" \/>\n\t<meta property=\"og:image:height\" content=\"450\" \/>\n\t<meta property=\"og:image:type\" content=\"image\/webp\" \/>\n<meta name=\"twitter:card\" content=\"summary_large_image\" \/>\n<meta name=\"twitter:label1\" content=\"Timp estimat pentru citire\" \/>\n\t<meta name=\"twitter:data1\" content=\"2 minute\" \/>\n<script type=\"application\/ld+json\" class=\"yoast-schema-graph\">{\"@context\":\"https:\/\/schema.org\",\"@graph\":[{\"@type\":\"WebPage\",\"@id\":\"https:\/\/taxi-airport-beauvais.com\/informations-pratiques-beauvais\/\",\"url\":\"https:\/\/taxi-airport-beauvais.com\/informations-pratiques-beauvais\/\",\"name\":\"Informations pratiques sur le transport \u00e0 Beauvais &#8211; TAXI AEROPORT BEAUVAIS\",\"isPartOf\":{\"@id\":\"https:\/\/taxi-airport-beauvais.com\/#website\"},\"datePublished\":\"2024-01-30T16:07:48+00:00\",\"dateModified\":\"2024-05-13T14:30:48+00:00\",\"description\":\"Informations pratiques sur le taxi \u00e0 Beauvais, Gare de Beauvais et A\u00e9roport de Beauvais Till\u00e9. Prendre un taxi n'a jamais \u00e9t\u00e9 aussi simple.\",\"breadcrumb\":{\"@id\":\"https:\/\/taxi-airport-beauvais.com\/informations-pratiques-beauvais\/#breadcrumb\"},\"inLanguage\":\"ro-RO\",\"potentialAction\":[{\"@type\":\"ReadAction\",\"target\":[\"https:\/\/taxi-airport-beauvais.com\/informations-pratiques-beauvais\/\"]}]},{\"@type\":\"BreadcrumbList\",\"@id\":\"https:\/\/taxi-airport-beauvais.com\/informations-pratiques-beauvais\/#breadcrumb\",\"itemListElement\":[{\"@type\":\"ListItem\",\"position\":1,\"name\":\"Taxi a\u00e9roport Beauvais\",\"item\":\"https:\/\/taxi-airport-beauvais.com\/\"},{\"@type\":\"ListItem\",\"position\":2,\"name\":\"Informations pratiques\"}]},{\"@type\":\"WebSite\",\"@id\":\"https:\/\/taxi-airport-beauvais.com\/#website\",\"url\":\"https:\/\/taxi-airport-beauvais.com\/\",\"name\":\"TAXI AEROPORT BEAUVAIS\",\"description\":\"R\u00e9servation de taxi a\u00e9roport Beauvais Till\u00e9 BVA\",\"publisher\":{\"@id\":\"https:\/\/taxi-airport-beauvais.com\/#organization\"},\"alternateName\":\"Taxi A\u00e9roport Beauvais\",\"potentialAction\":[{\"@type\":\"SearchAction\",\"target\":{\"@type\":\"EntryPoint\",\"urlTemplate\":\"https:\/\/taxi-airport-beauvais.com\/?s={search_term_string}\"},\"query-input\":{\"@type\":\"PropertyValueSpecification\",\"valueRequired\":true,\"valueName\":\"search_term_string\"}}],\"inLanguage\":\"ro-RO\"},{\"@type\":\"Organization\",\"@id\":\"https:\/\/taxi-airport-beauvais.com\/#organization\",\"name\":\"TAXI AEROPORT BEAUVAIS\",\"alternateName\":\"TAXI A\u00c9ROPORT BEAUVAIS\",\"url\":\"https:\/\/taxi-airport-beauvais.com\/\",\"logo\":{\"@type\":\"ImageObject\",\"inLanguage\":\"ro-RO\",\"@id\":\"https:\/\/taxi-airport-beauvais.com\/#\/schema\/logo\/image\/\",\"url\":\"https:\/\/taxi-airport-beauvais.com\/wp-content\/uploads\/2023\/03\/LOGO-TAXI-AEROPORT-BEAUVAIS.png\",\"contentUrl\":\"https:\/\/taxi-airport-beauvais.com\/wp-content\/uploads\/2023\/03\/LOGO-TAXI-AEROPORT-BEAUVAIS.png\",\"width\":750,\"height\":750,\"caption\":\"TAXI AEROPORT BEAUVAIS\"},\"image\":{\"@id\":\"https:\/\/taxi-airport-beauvais.com\/#\/schema\/logo\/image\/\"},\"sameAs\":[\"https:\/\/www.pinterest.fr\/taxiairportbeauvais\/\",\"https:\/\/maps.app.goo.gl\/GvyqsEuGdsRFRwst8\"]}]}<\/script>\n<!-- \/ Yoast SEO plugin. -->","yoast_head_json":{"title":"Informations pratiques sur le transport \u00e0 Beauvais &#8211; TAXI AEROPORT BEAUVAIS","description":"Informations pratiques sur le taxi \u00e0 Beauvais, Gare de Beauvais et A\u00e9roport de Beauvais Till\u00e9. Prendre un taxi n'a jamais \u00e9t\u00e9 aussi simple.","robots":{"index":"index","follow":"follow","max-snippet":"max-snippet:-1","max-image-preview":"max-image-preview:large","max-video-preview":"max-video-preview:-1"},"canonical":"https:\/\/taxi-airport-beauvais.com\/ro\/informatii-utile\/","og_locale":"ro_RO","og_type":"article","og_title":"Informations pratiques sur le transport \u00e0 Beauvais &#8211; TAXI AEROPORT BEAUVAIS","og_description":"Informations pratiques sur le taxi \u00e0 Beauvais, Gare de Beauvais et A\u00e9roport de Beauvais Till\u00e9. Prendre un taxi n'a jamais \u00e9t\u00e9 aussi simple.","og_url":"https:\/\/taxi-airport-beauvais.com\/ro\/informatii-utile\/","og_site_name":"TAXI AEROPORT BEAUVAIS","article_modified_time":"2024-05-13T14:30:48+00:00","og_image":[{"width":700,"height":450,"url":"https:\/\/taxi-airport-beauvais.com\/wp-content\/uploads\/2023\/03\/1-6.webp","type":"image\/webp"}],"twitter_card":"summary_large_image","twitter_misc":{"Timp estimat pentru citire":"2 minute"},"schema":{"@context":"https:\/\/schema.org","@graph":[{"@type":"WebPage","@id":"https:\/\/taxi-airport-beauvais.com\/informations-pratiques-beauvais\/","url":"https:\/\/taxi-airport-beauvais.com\/informations-pratiques-beauvais\/","name":"Informations pratiques sur le transport \u00e0 Beauvais &#8211; TAXI AEROPORT BEAUVAIS","isPartOf":{"@id":"https:\/\/taxi-airport-beauvais.com\/#website"},"datePublished":"2024-01-30T16:07:48+00:00","dateModified":"2024-05-13T14:30:48+00:00","description":"Informations pratiques sur le taxi \u00e0 Beauvais, Gare de Beauvais et A\u00e9roport de Beauvais Till\u00e9. Prendre un taxi n'a jamais \u00e9t\u00e9 aussi simple.","breadcrumb":{"@id":"https:\/\/taxi-airport-beauvais.com\/informations-pratiques-beauvais\/#breadcrumb"},"inLanguage":"ro-RO","potentialAction":[{"@type":"ReadAction","target":["https:\/\/taxi-airport-beauvais.com\/informations-pratiques-beauvais\/"]}]},{"@type":"BreadcrumbList","@id":"https:\/\/taxi-airport-beauvais.com\/informations-pratiques-beauvais\/#breadcrumb","itemListElement":[{"@type":"ListItem","position":1,"name":"Taxi a\u00e9roport Beauvais","item":"https:\/\/taxi-airport-beauvais.com\/"},{"@type":"ListItem","position":2,"name":"Informations pratiques"}]},{"@type":"WebSite","@id":"https:\/\/taxi-airport-beauvais.com\/#website","url":"https:\/\/taxi-airport-beauvais.com\/","name":"TAXI AEROPORT BEAUVAIS","description":"R\u00e9servation de taxi a\u00e9roport Beauvais Till\u00e9 BVA","publisher":{"@id":"https:\/\/taxi-airport-beauvais.com\/#organization"},"alternateName":"Taxi A\u00e9roport Beauvais","potentialAction":[{"@type":"SearchAction","target":{"@type":"EntryPoint","urlTemplate":"https:\/\/taxi-airport-beauvais.com\/?s={search_term_string}"},"query-input":{"@type":"PropertyValueSpecification","valueRequired":true,"valueName":"search_term_string"}}],"inLanguage":"ro-RO"},{"@type":"Organization","@id":"https:\/\/taxi-airport-beauvais.com\/#organization","name":"TAXI AEROPORT BEAUVAIS","alternateName":"TAXI A\u00c9ROPORT BEAUVAIS","url":"https:\/\/taxi-airport-beauvais.com\/","logo":{"@type":"ImageObject","inLanguage":"ro-RO","@id":"https:\/\/taxi-airport-beauvais.com\/#\/schema\/logo\/image\/","url":"https:\/\/taxi-airport-beauvais.com\/wp-content\/uploads\/2023\/03\/LOGO-TAXI-AEROPORT-BEAUVAIS.png","contentUrl":"https:\/\/taxi-airport-beauvais.com\/wp-content\/uploads\/2023\/03\/LOGO-TAXI-AEROPORT-BEAUVAIS.png","width":750,"height":750,"caption":"TAXI AEROPORT BEAUVAIS"},"image":{"@id":"https:\/\/taxi-airport-beauvais.com\/#\/schema\/logo\/image\/"},"sameAs":["https:\/\/www.pinterest.fr\/taxiairportbeauvais\/","https:\/\/maps.app.goo.gl\/GvyqsEuGdsRFRwst8"]}]}},"_links":{"self":[{"href":"https:\/\/taxi-airport-beauvais.com\/ro\/wp-json\/wp\/v2\/pages\/1354","targetHints":{"allow":["GET"]}}],"collection":[{"href":"https:\/\/taxi-airport-beauvais.com\/ro\/wp-json\/wp\/v2\/pages"}],"about":[{"href":"https:\/\/taxi-airport-beauvais.com\/ro\/wp-json\/wp\/v2\/types\/page"}],"author":[{"embeddable":true,"href":"https:\/\/taxi-airport-beauvais.com\/ro\/wp-json\/wp\/v2\/users\/1"}],"replies":[{"embeddable":true,"href":"https:\/\/taxi-airport-beauvais.com\/ro\/wp-json\/wp\/v2\/comments?post=1354"}],"version-history":[{"count":0,"href":"https:\/\/taxi-airport-beauvais.com\/ro\/wp-json\/wp\/v2\/pages\/1354\/revisions"}],"wp:attachment":[{"href":"https:\/\/taxi-airport-beauvais.com\/ro\/wp-json\/wp\/v2\/media?parent=1354"}],"curies":[{"name":"wp","href":"https:\/\/api.w.org\/{rel}","templated":true}]}}