{"id":12,"date":"2023-03-20T11:30:25","date_gmt":"2023-03-20T10:30:25","guid":{"rendered":"https:\/\/taxi-airport-beauvais.com\/?page_id=12"},"modified":"2023-04-11T17:39:20","modified_gmt":"2023-04-11T15:39:20","slug":"contact","status":"publish","type":"page","link":"https:\/\/taxi-airport-beauvais.com\/ro\/a-lua-legatura\/","title":{"rendered":"A lua legatura"},"content":{"rendered":"<div data-elementor-type=\"wp-page\" data-elementor-id=\"12\" class=\"elementor elementor-12\" data-elementor-post-type=\"page\">\n\t\t\t\t\t\t<section class=\"elementor-section elementor-top-section elementor-element elementor-element-aa882c6 elementor-section-boxed elementor-section-height-default elementor-section-height-default\" data-id=\"aa882c6\" data-element_type=\"section\" data-settings=\"{&quot;background_background&quot;:&quot;classic&quot;}\">\n\t\t\t\t\t\t\t<div class=\"elementor-background-overlay\"><\/div>\n\t\t\t\t\t\t\t<div class=\"elementor-container elementor-column-gap-default\">\n\t\t\t\t\t<div class=\"elementor-column elementor-col-100 elementor-top-column elementor-element elementor-element-020ac13\" data-id=\"020ac13\" data-element_type=\"column\">\n\t\t\t<div class=\"elementor-widget-wrap elementor-element-populated\">\n\t\t\t\t\t\t<section class=\"elementor-section elementor-inner-section elementor-element elementor-element-6f4d6f1 elementor-section-content-middle elementor-section-boxed elementor-section-height-default elementor-section-height-default\" data-id=\"6f4d6f1\" data-element_type=\"section\">\n\t\t\t\t\t\t<div class=\"elementor-container elementor-column-gap-default\">\n\t\t\t\t\t<div class=\"elementor-column elementor-col-100 elementor-inner-column elementor-element elementor-element-39019ef\" data-id=\"39019ef\" data-element_type=\"column\">\n\t\t\t<div class=\"elementor-widget-wrap elementor-element-populated\">\n\t\t\t\t\t\t<div class=\"elementor-element elementor-element-f5eb694 elementor-widget elementor-widget-heading\" data-id=\"f5eb694\" data-element_type=\"widget\" data-settings=\"{&quot;_animation&quot;:&quot;none&quot;}\" data-widget_type=\"heading.default\">\n\t\t\t\t<div class=\"elementor-widget-container\">\n\t\t\t\t\t<h1 class=\"elementor-heading-title elementor-size-default\">A lua legatura<\/h1>\t\t\t\t<\/div>\n\t\t\t\t<\/div>\n\t\t\t\t\t<\/div>\n\t\t<\/div>\n\t\t\t\t\t<\/div>\n\t\t<\/section>\n\t\t\t\t\t<\/div>\n\t\t<\/div>\n\t\t\t\t\t<\/div>\n\t\t<\/section>\n\t\t\t\t<section class=\"elementor-section elementor-top-section elementor-element elementor-element-1e222dca elementor-section-boxed elementor-section-height-default elementor-section-height-default\" data-id=\"1e222dca\" data-element_type=\"section\" data-settings=\"{&quot;background_background&quot;:&quot;gradient&quot;}\">\n\t\t\t\t\t\t\t<div class=\"elementor-background-overlay\"><\/div>\n\t\t\t\t\t\t\t<div class=\"elementor-container elementor-column-gap-default\">\n\t\t\t\t\t<div class=\"elementor-column elementor-col-100 elementor-top-column elementor-element elementor-element-16f86e0a elementor-invisible\" data-id=\"16f86e0a\" data-element_type=\"column\" data-settings=\"{&quot;animation&quot;:&quot;fadeInUp&quot;}\">\n\t\t\t<div class=\"elementor-widget-wrap elementor-element-populated\">\n\t\t\t\t\t\t<div class=\"elementor-element elementor-element-32aabf17 elementor-widget elementor-widget-heading\" data-id=\"32aabf17\" data-element_type=\"widget\" data-widget_type=\"heading.default\">\n\t\t\t\t<div class=\"elementor-widget-container\">\n\t\t\t\t\t<div class=\"elementor-heading-title elementor-size-default\">Vrei informa\u021bii? O intrebare ?<\/div>\t\t\t\t<\/div>\n\t\t\t\t<\/div>\n\t\t\t\t<div class=\"elementor-element elementor-element-598e21bd elementor-widget elementor-widget-text-editor\" data-id=\"598e21bd\" data-element_type=\"widget\" data-widget_type=\"text-editor.default\">\n\t\t\t\t<div class=\"elementor-widget-container\">\n\t\t\t\t\t\t\t\t\t<p>Nu ezita\u021bi s\u0103 ne contacta\u021bi din acest formular pentru orice solicitare.<\/p>\t\t\t\t\t\t\t\t<\/div>\n\t\t\t\t<\/div>\n\t\t\t\t<div class=\"elementor-element elementor-element-519906b5 elementor-align-center elementor-widget elementor-widget-button\" data-id=\"519906b5\" data-element_type=\"widget\" data-widget_type=\"button.default\">\n\t\t\t\t<div class=\"elementor-widget-container\">\n\t\t\t\t\t\t\t\t\t<div class=\"elementor-button-wrapper\">\n\t\t\t\t\t<a class=\"elementor-button elementor-button-link elementor-size-md\" href=\"#contact\">\n\t\t\t\t\t\t<span class=\"elementor-button-content-wrapper\">\n\t\t\t\t\t\t<span class=\"elementor-button-icon\">\n\t\t\t\t<i aria-hidden=\"true\" class=\"arrow_down\"><\/i>\t\t\t<\/span>\n\t\t\t\t\t\t\t\t\t<span class=\"elementor-button-text\">Contacta\u0163i-ne<\/span>\n\t\t\t\t\t<\/span>\n\t\t\t\t\t<\/a>\n\t\t\t\t<\/div>\n\t\t\t\t\t\t\t\t<\/div>\n\t\t\t\t<\/div>\n\t\t\t\t\t<\/div>\n\t\t<\/div>\n\t\t\t\t\t<\/div>\n\t\t<\/section>\n\t\t\t\t<section class=\"elementor-section elementor-top-section elementor-element elementor-element-326fc7e9 elementor-section-boxed elementor-section-height-default elementor-section-height-default\" data-id=\"326fc7e9\" data-element_type=\"section\" data-settings=\"{&quot;background_background&quot;:&quot;classic&quot;}\">\n\t\t\t\t\t\t\t<div class=\"elementor-background-overlay\"><\/div>\n\t\t\t\t\t\t\t<div class=\"elementor-container elementor-column-gap-default\">\n\t\t\t\t\t<div class=\"elementor-column elementor-col-100 elementor-top-column elementor-element elementor-element-50293766\" data-id=\"50293766\" data-element_type=\"column\">\n\t\t\t<div class=\"elementor-widget-wrap elementor-element-populated\">\n\t\t\t\t\t\t<section class=\"elementor-section elementor-inner-section elementor-element elementor-element-78569e4b elementor-section-boxed elementor-section-height-default elementor-section-height-default\" data-id=\"78569e4b\" data-element_type=\"section\">\n\t\t\t\t\t\t<div class=\"elementor-container elementor-column-gap-default\">\n\t\t\t\t\t<div class=\"elementor-column elementor-col-50 elementor-inner-column elementor-element elementor-element-2378962 elementor-invisible\" data-id=\"2378962\" data-element_type=\"column\" data-settings=\"{&quot;background_background&quot;:&quot;classic&quot;,&quot;animation&quot;:&quot;fadeInUp&quot;}\">\n\t\t\t<div class=\"elementor-widget-wrap elementor-element-populated\">\n\t\t\t\t\t\t<div class=\"elementor-element elementor-element-669ba8f7 elementor-widget elementor-widget-google_maps\" data-id=\"669ba8f7\" data-element_type=\"widget\" data-widget_type=\"google_maps.default\">\n\t\t\t\t<div class=\"elementor-widget-container\">\n\t\t\t\t\t\t\t<div class=\"elementor-custom-embed\">\n\t\t\t<iframe loading=\"lazy\"\n\t\t\t\t\tsrc=\"https:\/\/maps.google.com\/maps?q=TAXI%20AEROPORT%20BEAUVAIS%20%2A%2A%2A%2A%2A%2099%20R%C3%A9s%20Jeanne%20Hachette%20Appt%2035%2C%2060000%20Beauvais&#038;t=m&#038;z=11&#038;output=embed&#038;iwloc=near\"\n\t\t\t\t\ttitle=\"TAXI AEROPORTUL BEAUVAIS ***** 99 Res Jeanne Hachette Appt 35, 60000 Beauvais\"\n\t\t\t\t\taria-label=\"TAXI AEROPORTUL BEAUVAIS ***** 99 Res Jeanne Hachette Appt 35, 60000 Beauvais\"\n\t\t\t><\/iframe>\n\t\t<\/div>\n\t\t\t\t\t\t<\/div>\n\t\t\t\t<\/div>\n\t\t\t\t<div class=\"elementor-element elementor-element-49691ae9 elementor-position-left elementor-mobile-position-left elementor-view-default elementor-widget elementor-widget-icon-box\" data-id=\"49691ae9\" data-element_type=\"widget\" data-widget_type=\"icon-box.default\">\n\t\t\t\t<div class=\"elementor-widget-container\">\n\t\t\t\t\t\t\t<div class=\"elementor-icon-box-wrapper\">\n\n\t\t\t\t\t\t<div class=\"elementor-icon-box-icon\">\n\t\t\t\t<span  class=\"elementor-icon\">\n\t\t\t\t<i aria-hidden=\"true\" class=\"icon icon-map-marker1\"><\/i>\t\t\t\t<\/span>\n\t\t\t<\/div>\n\t\t\t\n\t\t\t\t\t\t<div class=\"elementor-icon-box-content\">\n\n\t\t\t\t\t\t\t\t\t<div class=\"elementor-icon-box-title\">\n\t\t\t\t\t\t<span  >\n\t\t\t\t\t\t\tAbordare\t\t\t\t\t\t<\/span>\n\t\t\t\t\t<\/div>\n\t\t\t\t\n\t\t\t\t\t\t\t\t\t<p class=\"elementor-icon-box-description\">\n\t\t\t\t\t\t99 Residence Jeanne Hachette, <br>60000 Beauvais\t\t\t\t\t<\/p>\n\t\t\t\t\n\t\t\t<\/div>\n\t\t\t\n\t\t<\/div>\n\t\t\t\t\t\t<\/div>\n\t\t\t\t<\/div>\n\t\t\t\t<div class=\"elementor-element elementor-element-18346b35 elementor-position-left elementor-mobile-position-left elementor-view-default elementor-widget elementor-widget-icon-box\" data-id=\"18346b35\" data-element_type=\"widget\" data-widget_type=\"icon-box.default\">\n\t\t\t\t<div class=\"elementor-widget-container\">\n\t\t\t\t\t\t\t<div class=\"elementor-icon-box-wrapper\">\n\n\t\t\t\t\t\t<div class=\"elementor-icon-box-icon\">\n\t\t\t\t<a href=\"mailto:+33648114819@orange.fr\" class=\"elementor-icon\" tabindex=\"-1\" aria-label=\"Scrie-ne\">\n\t\t\t\t<i aria-hidden=\"true\" class=\"icon icon-email1\"><\/i>\t\t\t\t<\/a>\n\t\t\t<\/div>\n\t\t\t\n\t\t\t\t\t\t<div class=\"elementor-icon-box-content\">\n\n\t\t\t\t\t\t\t\t\t<div class=\"elementor-icon-box-title\">\n\t\t\t\t\t\t<a href=\"mailto:+33648114819@orange.fr\" >\n\t\t\t\t\t\t\tScrie-ne\t\t\t\t\t\t<\/a>\n\t\t\t\t\t<\/div>\n\t\t\t\t\n\t\t\t\t\t\t\t\t\t<p class=\"elementor-icon-box-description\">\n\t\t\t\t\t\t+33648114819@orange.fr\t\t\t\t\t<\/p>\n\t\t\t\t\n\t\t\t<\/div>\n\t\t\t\n\t\t<\/div>\n\t\t\t\t\t\t<\/div>\n\t\t\t\t<\/div>\n\t\t\t\t<div class=\"elementor-element elementor-element-4145da5f elementor-position-left elementor-mobile-position-left elementor-view-default elementor-widget elementor-widget-icon-box\" data-id=\"4145da5f\" data-element_type=\"widget\" data-widget_type=\"icon-box.default\">\n\t\t\t\t<div class=\"elementor-widget-container\">\n\t\t\t\t\t\t\t<div class=\"elementor-icon-box-wrapper\">\n\n\t\t\t\t\t\t<div class=\"elementor-icon-box-icon\">\n\t\t\t\t<span  class=\"elementor-icon\">\n\t\t\t\t<i aria-hidden=\"true\" class=\"lnr lnr-smartphone\"><\/i>\t\t\t\t<\/span>\n\t\t\t<\/div>\n\t\t\t\n\t\t\t\t\t\t<div class=\"elementor-icon-box-content\">\n\n\t\t\t\t\t\t\t\t\t<div class=\"elementor-icon-box-title\">\n\t\t\t\t\t\t<span  >\n\t\t\t\t\t\t\tSun\u0103-ne\t\t\t\t\t\t<\/span>\n\t\t\t\t\t<\/div>\n\t\t\t\t\n\t\t\t\t\t\t\t\t\t<p class=\"elementor-icon-box-description\">\n\t\t\t\t\t\t+336 48 11 48 19\t\t\t\t\t<\/p>\n\t\t\t\t\n\t\t\t<\/div>\n\t\t\t\n\t\t<\/div>\n\t\t\t\t\t\t<\/div>\n\t\t\t\t<\/div>\n\t\t\t\t\t<\/div>\n\t\t<\/div>\n\t\t\t\t<div class=\"elementor-column elementor-col-50 elementor-inner-column elementor-element elementor-element-621b224 elementor-invisible\" data-id=\"621b224\" data-element_type=\"column\" id=\"contact\" data-settings=\"{&quot;background_background&quot;:&quot;classic&quot;,&quot;animation&quot;:&quot;fadeInUp&quot;,&quot;animation_delay&quot;:200}\">\n\t\t\t<div class=\"elementor-widget-wrap elementor-element-populated\">\n\t\t\t\t\t\t<div class=\"elementor-element elementor-element-4bf08641 elementor-widget elementor-widget-heading\" data-id=\"4bf08641\" data-element_type=\"widget\" data-widget_type=\"heading.default\">\n\t\t\t\t<div class=\"elementor-widget-container\">\n\t\t\t\t\t<h2 class=\"elementor-heading-title elementor-size-default\">Scrie-ne<\/h2>\t\t\t\t<\/div>\n\t\t\t\t<\/div>\n\t\t\t\t<div class=\"elementor-element elementor-element-1baa8d62 elementor-widget elementor-widget-text-editor\" data-id=\"1baa8d62\" data-element_type=\"widget\" data-widget_type=\"text-editor.default\">\n\t\t\t\t<div class=\"elementor-widget-container\">\n\t\t\t\t\t\t\t\t\t<p>O \u00eentrebare despre serviciile noastre? Dori\u021bi servicii personalizate? Oricare ar fi cererea dumneavoastr\u0103, echipa noastr\u0103 de \u0219oferi v\u0103 st\u0103 la dispozi\u021bie.\u00a0<\/p>\t\t\t\t\t\t\t\t<\/div>\n\t\t\t\t<\/div>\n\t\t\t\t<div class=\"elementor-element elementor-element-60f2bf29 elementor-button-align-start elementor-mobile-button-align-stretch elementor-widget elementor-widget-form\" data-id=\"60f2bf29\" data-element_type=\"widget\" data-settings=\"{&quot;step_next_label&quot;:&quot;Next&quot;,&quot;step_previous_label&quot;:&quot;Previous&quot;,&quot;button_width&quot;:&quot;100&quot;,&quot;step_type&quot;:&quot;number_text&quot;,&quot;step_icon_shape&quot;:&quot;circle&quot;}\" data-widget_type=\"form.default\">\n\t\t\t\t<div class=\"elementor-widget-container\">\n\t\t\t\t\t\t\t<form class=\"elementor-form\" method=\"post\" name=\"New Form\" aria-label=\"Formular nou\" action=\"\">\n\t\t\t<input type=\"hidden\" name=\"post_id\" value=\"12\"\/>\n\t\t\t<input type=\"hidden\" name=\"form_id\" value=\"60f2bf29\"\/>\n\t\t\t<input type=\"hidden\" name=\"referer_title\" value=\"Contact &#8211; TAXI AEROPORT BEAUVAIS\" \/>\n\n\t\t\t\t\t\t\t<input type=\"hidden\" name=\"queried_id\" value=\"12\"\/>\n\t\t\t\n\t\t\t<div class=\"elementor-form-fields-wrapper elementor-labels-above\">\n\t\t\t\t\t\t\t\t<div class=\"elementor-field-type-text elementor-field-group elementor-column elementor-field-group-name elementor-col-50\">\n\t\t\t\t\t\t\t\t\t\t\t\t<label for=\"form-field-name\" class=\"elementor-field-label\">\n\t\t\t\t\t\t\t\tNume\t\t\t\t\t\t\t<\/label>\n\t\t\t\t\t\t\t\t\t\t\t\t\t\t<input size=\"1\" type=\"text\" name=\"form_fields[name]\" id=\"form-field-name\" class=\"elementor-field elementor-size-md  elementor-field-textual\" placeholder=\"Nume\">\n\t\t\t\t\t\t\t\t\t\t\t<\/div>\n\t\t\t\t\t\t\t\t<div class=\"elementor-field-type-tel elementor-field-group elementor-column elementor-field-group-field_c6a484c elementor-col-50 elementor-field-required\">\n\t\t\t\t\t\t\t\t\t\t\t\t<label for=\"form-field-field_c6a484c\" class=\"elementor-field-label\">\n\t\t\t\t\t\t\t\tTelefon\t\t\t\t\t\t\t<\/label>\n\t\t\t\t\t\t\t\t<input size=\"1\" type=\"tel\" name=\"form_fields[field_c6a484c]\" id=\"form-field-field_c6a484c\" class=\"elementor-field elementor-size-md  elementor-field-textual\" placeholder=\"Telefon\" required=\"required\" pattern=\"[0-9()#&amp;+*-=.]+\" title=\"Se accept\u0103 doar numere \u0219i caractere telefonice (#, -, * etc.).\">\n\n\t\t\t\t\t\t<\/div>\n\t\t\t\t\t\t\t\t<div class=\"elementor-field-type-email elementor-field-group elementor-column elementor-field-group-email elementor-col-50 elementor-field-required\">\n\t\t\t\t\t\t\t\t\t\t\t\t<label for=\"form-field-email\" class=\"elementor-field-label\">\n\t\t\t\t\t\t\t\tE-mail\t\t\t\t\t\t\t<\/label>\n\t\t\t\t\t\t\t\t\t\t\t\t\t\t<input size=\"1\" type=\"email\" name=\"form_fields[email]\" id=\"form-field-email\" class=\"elementor-field elementor-size-md  elementor-field-textual\" placeholder=\"E-mail\" required=\"required\">\n\t\t\t\t\t\t\t\t\t\t\t<\/div>\n\t\t\t\t\t\t\t\t<div class=\"elementor-field-type-text elementor-field-group elementor-column elementor-field-group-field_bfd9314 elementor-col-50 elementor-field-required\">\n\t\t\t\t\t\t\t\t\t\t\t\t<label for=\"form-field-field_bfd9314\" class=\"elementor-field-label\">\n\t\t\t\t\t\t\t\tObiectul mesajului\t\t\t\t\t\t\t<\/label>\n\t\t\t\t\t\t\t\t\t\t\t\t\t\t<input size=\"1\" type=\"text\" name=\"form_fields[field_bfd9314]\" id=\"form-field-field_bfd9314\" class=\"elementor-field elementor-size-md  elementor-field-textual\" placeholder=\"Obiectul mesajului\" required=\"required\">\n\t\t\t\t\t\t\t\t\t\t\t<\/div>\n\t\t\t\t\t\t\t\t<div class=\"elementor-field-type-textarea elementor-field-group elementor-column elementor-field-group-message elementor-col-100\">\n\t\t\t\t\t\t\t\t\t\t\t\t<label for=\"form-field-message\" class=\"elementor-field-label\">\n\t\t\t\t\t\t\t\tMesaj\t\t\t\t\t\t\t<\/label>\n\t\t\t\t\t\t<textarea class=\"elementor-field-textual elementor-field  elementor-size-md\" name=\"form_fields[message]\" id=\"form-field-message\" rows=\"6\" placeholder=\"Mesaj\"><\/textarea>\t\t\t\t<\/div>\n\t\t\t\t\t\t\t\t<div class=\"elementor-field-type-recaptcha_v3 elementor-field-group elementor-column elementor-field-group-field_4f19968 elementor-col-100 recaptcha_v3-bottomright\">\n\t\t\t\t\t<div class=\"elementor-field\" id=\"form-field-field_4f19968\"><div class=\"elementor-g-recaptcha\" data-sitekey=\"6Ld6OTMlAAAAAMhmZvVJU3IdrOeiW58MIh5Z1L-h\" data-type=\"v3\" data-action=\"Form\" data-badge=\"bottomright\" data-size=\"invisible\"><\/div><\/div>\t\t\t\t<\/div>\n\t\t\t\t\t\t\t\t<div class=\"elementor-field-group elementor-column elementor-field-type-submit elementor-col-100 e-form__buttons\">\n\t\t\t\t\t<button class=\"elementor-button elementor-size-md\" type=\"submit\">\n\t\t\t\t\t\t<span class=\"elementor-button-content-wrapper\">\n\t\t\t\t\t\t\t\t\t\t\t\t\t\t\t<span class=\"elementor-button-icon\">\n\t\t\t\t\t\t\t\t\t<i aria-hidden=\"true\" class=\"far fa-envelope\"><\/i>\t\t\t\t\t\t\t\t\t\t\t\t\t\t\t\t\t<\/span>\n\t\t\t\t\t\t\t\t\t\t\t\t\t\t\t\t\t\t\t\t\t\t<span class=\"elementor-button-text\">Contacta\u0163i-ne<\/span>\n\t\t\t\t\t\t\t\t\t\t\t\t\t<\/span>\n\t\t\t\t\t<\/button>\n\t\t\t\t<\/div>\n\t\t\t<\/div>\n\t\t<input type=\"hidden\" name=\"trp-form-language\" value=\"ro\"\/><\/form>\n\t\t\t\t\t\t<\/div>\n\t\t\t\t<\/div>\n\t\t\t\t\t<\/div>\n\t\t<\/div>\n\t\t\t\t\t<\/div>\n\t\t<\/section>\n\t\t\t\t\t<\/div>\n\t\t<\/div>\n\t\t\t\t\t<\/div>\n\t\t<\/section>\n\t\t\t\t<\/div>","protected":false},"excerpt":{"rendered":"<p>Dori\u021bi informa\u021bii? O intrebare ? Nu ezita\u021bi s\u0103 ne contacta\u021bi folosind acest formular pentru orice solicitare. Contacta\u021bi-ne Adresa 99 R\u00e9sidence Jeanne Hachette, 60000 Beauvais Scrie\u021bi-ne la +33648114819@orange.fr Suna\u021bi-ne la +336 48 11 48 19 Scrie\u021bi-ne O \u00eentrebare despre serviciile noastre? Vrei un serviciu personalizat? Oricare ar fi [\u2026]<\/p>","protected":false},"author":1,"featured_media":0,"parent":0,"menu_order":0,"comment_status":"closed","ping_status":"closed","template":"elementor_header_footer","meta":{"footnotes":""},"class_list":["post-12","page","type-page","status-publish","hentry"],"yoast_head":"<!-- This site is optimized with the Yoast SEO plugin v25.2 - https:\/\/yoast.com\/wordpress\/plugins\/seo\/ -->\n<title>Contact &#8211; TAXI AEROPORT BEAUVAIS<\/title>\n<meta name=\"description\" content=\"Contacter l&#039;entreprise Taxi A\u00e9roport Beauvais, compagnie de taxi \u00e0 Beauvais.\" \/>\n<meta name=\"robots\" content=\"index, follow, max-snippet:-1, max-image-preview:large, max-video-preview:-1\" \/>\n<link rel=\"canonical\" href=\"https:\/\/taxi-airport-beauvais.com\/ro\/a-lua-legatura\/\" \/>\n<meta property=\"og:locale\" content=\"ro_RO\" \/>\n<meta property=\"og:type\" content=\"article\" \/>\n<meta property=\"og:title\" content=\"Contact &#8211; TAXI AEROPORT BEAUVAIS\" \/>\n<meta property=\"og:description\" content=\"Contacter l&#039;entreprise Taxi A\u00e9roport Beauvais, compagnie de taxi \u00e0 Beauvais.\" \/>\n<meta property=\"og:url\" content=\"https:\/\/taxi-airport-beauvais.com\/ro\/a-lua-legatura\/\" \/>\n<meta property=\"og:site_name\" content=\"TAXI AEROPORT BEAUVAIS\" \/>\n<meta property=\"article:modified_time\" content=\"2023-04-11T15:39:20+00:00\" \/>\n<meta property=\"og:image\" content=\"https:\/\/taxi-airport-beauvais.com\/wp-content\/uploads\/2023\/03\/1-6.webp\" \/>\n\t<meta property=\"og:image:width\" content=\"700\" \/>\n\t<meta property=\"og:image:height\" content=\"450\" \/>\n\t<meta property=\"og:image:type\" content=\"image\/webp\" \/>\n<meta name=\"twitter:card\" content=\"summary_large_image\" \/>\n<meta name=\"twitter:label1\" content=\"Timp estimat pentru citire\" \/>\n\t<meta name=\"twitter:data1\" content=\"1 minut\" \/>\n<script type=\"application\/ld+json\" class=\"yoast-schema-graph\">{\"@context\":\"https:\/\/schema.org\",\"@graph\":[{\"@type\":\"WebPage\",\"@id\":\"https:\/\/taxi-airport-beauvais.com\/contact\/\",\"url\":\"https:\/\/taxi-airport-beauvais.com\/contact\/\",\"name\":\"Contact &#8211; TAXI AEROPORT BEAUVAIS\",\"isPartOf\":{\"@id\":\"https:\/\/taxi-airport-beauvais.com\/#website\"},\"datePublished\":\"2023-03-20T10:30:25+00:00\",\"dateModified\":\"2023-04-11T15:39:20+00:00\",\"description\":\"Contacter l'entreprise Taxi A\u00e9roport Beauvais, compagnie de taxi \u00e0 Beauvais.\",\"breadcrumb\":{\"@id\":\"https:\/\/taxi-airport-beauvais.com\/contact\/#breadcrumb\"},\"inLanguage\":\"ro-RO\",\"potentialAction\":[{\"@type\":\"ReadAction\",\"target\":[\"https:\/\/taxi-airport-beauvais.com\/contact\/\"]}]},{\"@type\":\"BreadcrumbList\",\"@id\":\"https:\/\/taxi-airport-beauvais.com\/contact\/#breadcrumb\",\"itemListElement\":[{\"@type\":\"ListItem\",\"position\":1,\"name\":\"Taxi a\u00e9roport Beauvais\",\"item\":\"https:\/\/taxi-airport-beauvais.com\/\"},{\"@type\":\"ListItem\",\"position\":2,\"name\":\"Contact\"}]},{\"@type\":\"WebSite\",\"@id\":\"https:\/\/taxi-airport-beauvais.com\/#website\",\"url\":\"https:\/\/taxi-airport-beauvais.com\/\",\"name\":\"TAXI AEROPORT BEAUVAIS\",\"description\":\"R\u00e9servation de taxi a\u00e9roport Beauvais Till\u00e9 BVA\",\"publisher\":{\"@id\":\"https:\/\/taxi-airport-beauvais.com\/#organization\"},\"alternateName\":\"Taxi A\u00e9roport Beauvais\",\"potentialAction\":[{\"@type\":\"SearchAction\",\"target\":{\"@type\":\"EntryPoint\",\"urlTemplate\":\"https:\/\/taxi-airport-beauvais.com\/?s={search_term_string}\"},\"query-input\":{\"@type\":\"PropertyValueSpecification\",\"valueRequired\":true,\"valueName\":\"search_term_string\"}}],\"inLanguage\":\"ro-RO\"},{\"@type\":\"Organization\",\"@id\":\"https:\/\/taxi-airport-beauvais.com\/#organization\",\"name\":\"TAXI AEROPORT BEAUVAIS\",\"alternateName\":\"TAXI A\u00c9ROPORT BEAUVAIS\",\"url\":\"https:\/\/taxi-airport-beauvais.com\/\",\"logo\":{\"@type\":\"ImageObject\",\"inLanguage\":\"ro-RO\",\"@id\":\"https:\/\/taxi-airport-beauvais.com\/#\/schema\/logo\/image\/\",\"url\":\"https:\/\/taxi-airport-beauvais.com\/wp-content\/uploads\/2023\/03\/LOGO-TAXI-AEROPORT-BEAUVAIS.png\",\"contentUrl\":\"https:\/\/taxi-airport-beauvais.com\/wp-content\/uploads\/2023\/03\/LOGO-TAXI-AEROPORT-BEAUVAIS.png\",\"width\":750,\"height\":750,\"caption\":\"TAXI AEROPORT BEAUVAIS\"},\"image\":{\"@id\":\"https:\/\/taxi-airport-beauvais.com\/#\/schema\/logo\/image\/\"},\"sameAs\":[\"https:\/\/www.pinterest.fr\/taxiairportbeauvais\/\",\"https:\/\/maps.app.goo.gl\/GvyqsEuGdsRFRwst8\"]}]}<\/script>\n<!-- \/ Yoast SEO plugin. -->","yoast_head_json":{"title":"Contact &#8211; TAXI AEROPORT BEAUVAIS","description":"Contacter l'entreprise Taxi A\u00e9roport Beauvais, compagnie de taxi \u00e0 Beauvais.","robots":{"index":"index","follow":"follow","max-snippet":"max-snippet:-1","max-image-preview":"max-image-preview:large","max-video-preview":"max-video-preview:-1"},"canonical":"https:\/\/taxi-airport-beauvais.com\/ro\/a-lua-legatura\/","og_locale":"ro_RO","og_type":"article","og_title":"Contact &#8211; TAXI AEROPORT BEAUVAIS","og_description":"Contacter l'entreprise Taxi A\u00e9roport Beauvais, compagnie de taxi \u00e0 Beauvais.","og_url":"https:\/\/taxi-airport-beauvais.com\/ro\/a-lua-legatura\/","og_site_name":"TAXI AEROPORT BEAUVAIS","article_modified_time":"2023-04-11T15:39:20+00:00","og_image":[{"width":700,"height":450,"url":"https:\/\/taxi-airport-beauvais.com\/wp-content\/uploads\/2023\/03\/1-6.webp","type":"image\/webp"}],"twitter_card":"summary_large_image","twitter_misc":{"Timp estimat pentru citire":"1 minut"},"schema":{"@context":"https:\/\/schema.org","@graph":[{"@type":"WebPage","@id":"https:\/\/taxi-airport-beauvais.com\/contact\/","url":"https:\/\/taxi-airport-beauvais.com\/contact\/","name":"Contact &#8211; TAXI AEROPORT BEAUVAIS","isPartOf":{"@id":"https:\/\/taxi-airport-beauvais.com\/#website"},"datePublished":"2023-03-20T10:30:25+00:00","dateModified":"2023-04-11T15:39:20+00:00","description":"Contacter l'entreprise Taxi A\u00e9roport Beauvais, compagnie de taxi \u00e0 Beauvais.","breadcrumb":{"@id":"https:\/\/taxi-airport-beauvais.com\/contact\/#breadcrumb"},"inLanguage":"ro-RO","potentialAction":[{"@type":"ReadAction","target":["https:\/\/taxi-airport-beauvais.com\/contact\/"]}]},{"@type":"BreadcrumbList","@id":"https:\/\/taxi-airport-beauvais.com\/contact\/#breadcrumb","itemListElement":[{"@type":"ListItem","position":1,"name":"Taxi a\u00e9roport Beauvais","item":"https:\/\/taxi-airport-beauvais.com\/"},{"@type":"ListItem","position":2,"name":"Contact"}]},{"@type":"WebSite","@id":"https:\/\/taxi-airport-beauvais.com\/#website","url":"https:\/\/taxi-airport-beauvais.com\/","name":"TAXI AEROPORT BEAUVAIS","description":"R\u00e9servation de taxi a\u00e9roport Beauvais Till\u00e9 BVA","publisher":{"@id":"https:\/\/taxi-airport-beauvais.com\/#organization"},"alternateName":"Taxi A\u00e9roport Beauvais","potentialAction":[{"@type":"SearchAction","target":{"@type":"EntryPoint","urlTemplate":"https:\/\/taxi-airport-beauvais.com\/?s={search_term_string}"},"query-input":{"@type":"PropertyValueSpecification","valueRequired":true,"valueName":"search_term_string"}}],"inLanguage":"ro-RO"},{"@type":"Organization","@id":"https:\/\/taxi-airport-beauvais.com\/#organization","name":"TAXI AEROPORT BEAUVAIS","alternateName":"TAXI A\u00c9ROPORT BEAUVAIS","url":"https:\/\/taxi-airport-beauvais.com\/","logo":{"@type":"ImageObject","inLanguage":"ro-RO","@id":"https:\/\/taxi-airport-beauvais.com\/#\/schema\/logo\/image\/","url":"https:\/\/taxi-airport-beauvais.com\/wp-content\/uploads\/2023\/03\/LOGO-TAXI-AEROPORT-BEAUVAIS.png","contentUrl":"https:\/\/taxi-airport-beauvais.com\/wp-content\/uploads\/2023\/03\/LOGO-TAXI-AEROPORT-BEAUVAIS.png","width":750,"height":750,"caption":"TAXI AEROPORT BEAUVAIS"},"image":{"@id":"https:\/\/taxi-airport-beauvais.com\/#\/schema\/logo\/image\/"},"sameAs":["https:\/\/www.pinterest.fr\/taxiairportbeauvais\/","https:\/\/maps.app.goo.gl\/GvyqsEuGdsRFRwst8"]}]}},"_links":{"self":[{"href":"https:\/\/taxi-airport-beauvais.com\/ro\/wp-json\/wp\/v2\/pages\/12","targetHints":{"allow":["GET"]}}],"collection":[{"href":"https:\/\/taxi-airport-beauvais.com\/ro\/wp-json\/wp\/v2\/pages"}],"about":[{"href":"https:\/\/taxi-airport-beauvais.com\/ro\/wp-json\/wp\/v2\/types\/page"}],"author":[{"embeddable":true,"href":"https:\/\/taxi-airport-beauvais.com\/ro\/wp-json\/wp\/v2\/users\/1"}],"replies":[{"embeddable":true,"href":"https:\/\/taxi-airport-beauvais.com\/ro\/wp-json\/wp\/v2\/comments?post=12"}],"version-history":[{"count":0,"href":"https:\/\/taxi-airport-beauvais.com\/ro\/wp-json\/wp\/v2\/pages\/12\/revisions"}],"wp:attachment":[{"href":"https:\/\/taxi-airport-beauvais.com\/ro\/wp-json\/wp\/v2\/media?parent=12"}],"curies":[{"name":"wp","href":"https:\/\/api.w.org\/{rel}","templated":true}]}}